{"id":4061,"date":"2025-07-05T17:22:57","date_gmt":"2025-07-05T15:22:57","guid":{"rendered":"https:\/\/manuelregnier.fr\/?page_id=4061"},"modified":"2025-08-22T22:55:02","modified_gmt":"2025-08-22T20:55:02","slug":"je-commande-la-cle","status":"publish","type":"page","link":"https:\/\/manuelregnier.fr\/index.php\/je-commande-la-cle\/","title":{"rendered":"Je commande la cl\u00e9"},"content":{"rendered":"\n<p>La cl\u00e9 Usb de 32 Go inclut le film ESPERANCES EN MARCHE (1H), les interviews des 3 th\u00e9ologiens Mgr Jean-Luc GARIN, Michel Maxime EGGER et Marie CENEC, soit 3 H de vid\u00e9os, au prix de 20 euros, frais de port inclus.<\/p>\n\n\n\n<p>Ch\u00e8que \u00e0 l&rsquo;ordre de Manuel REGNIER envoy\u00e9 par la poste \u00e0 Lison des Sources &#8211; 19 Grande Rue, 25330 Nans-sous-Sainte-Anne<\/p>\n\n\n\n<p>Commandez maintenant et recevez la cl\u00e9 \u00e0 partir de mi septembre 2025.<\/p>\n","protected":false},"excerpt":{"rendered":"<p>La cl\u00e9 Usb de 32 Go inclut le film ESPERANCES EN MARCHE (1H), les interviews des 3 th\u00e9ologiens Mgr Jean-Luc GARIN, Michel Maxime EGGER et Marie CENEC, soit 3 H de vid\u00e9os, au prix de 20 euros, frais de port inclus. Ch\u00e8que \u00e0 l&rsquo;ordre de Manuel REGNIER envoy\u00e9 par la poste \u00e0 Lison des Sources [&hellip;]<\/p>\n","protected":false},"author":1,"featured_media":4171,"parent":0,"menu_order":0,"comment_status":"closed","ping_status":"closed","template":"","meta":{"inline_featured_image":false,"_themeisle_gutenberg_block_has_review":false,"footnotes":""},"class_list":["post-4061","page","type-page","status-publish","has-post-thumbnail","hentry"],"_links":{"self":[{"href":"https:\/\/manuelregnier.fr\/index.php\/wp-json\/wp\/v2\/pages\/4061","targetHints":{"allow":["GET"]}}],"collection":[{"href":"https:\/\/manuelregnier.fr\/index.php\/wp-json\/wp\/v2\/pages"}],"about":[{"href":"https:\/\/manuelregnier.fr\/index.php\/wp-json\/wp\/v2\/types\/page"}],"author":[{"embeddable":true,"href":"https:\/\/manuelregnier.fr\/index.php\/wp-json\/wp\/v2\/users\/1"}],"replies":[{"embeddable":true,"href":"https:\/\/manuelregnier.fr\/index.php\/wp-json\/wp\/v2\/comments?post=4061"}],"version-history":[{"count":5,"href":"https:\/\/manuelregnier.fr\/index.php\/wp-json\/wp\/v2\/pages\/4061\/revisions"}],"predecessor-version":[{"id":4290,"href":"https:\/\/manuelregnier.fr\/index.php\/wp-json\/wp\/v2\/pages\/4061\/revisions\/4290"}],"wp:featuredmedia":[{"embeddable":true,"href":"https:\/\/manuelregnier.fr\/index.php\/wp-json\/wp\/v2\/media\/4171"}],"wp:attachment":[{"href":"https:\/\/manuelregnier.fr\/index.php\/wp-json\/wp\/v2\/media?parent=4061"}],"curies":[{"name":"wp","href":"https:\/\/api.w.org\/{rel}","templated":true}]}}