{"id":4146,"date":"2025-07-15T16:42:52","date_gmt":"2025-07-15T14:42:52","guid":{"rendered":"https:\/\/manuelregnier.fr\/?page_id=4146"},"modified":"2025-07-18T18:31:33","modified_gmt":"2025-07-18T16:31:33","slug":"week-end-13-14-septembre-2025-sur-lesperance","status":"publish","type":"page","link":"https:\/\/manuelregnier.fr\/index.php\/week-end-13-14-septembre-2025-sur-lesperance\/","title":{"rendered":"Week end 13-14 Septembre 2025 sur l&rsquo;Esp\u00e9rance"},"content":{"rendered":"\n<p>Retrouvez le film, les ateliers et les visio retransmis sur Youtube avec les intervenants dans un cadre f\u00e9erique proche des sources du Lison dans le Jura.<\/p>\n\n\n\n<p>R\u00e9servez votre exp\u00e9rience en venant en pr\u00e9sentiel dans le centre spirituel Lison des Sources, proche du TGV MOUCHARD, de Besan\u00e7on, Dijon par l&rsquo;autoroute A 39.<\/p>\n\n\n\n<div class=\"wp-block-buttons alignwide is-content-justification-center is-layout-flex wp-container-core-buttons-is-layout-16018d1d wp-block-buttons-is-layout-flex\">\n<div class=\"wp-block-button\"><a class=\"wp-block-button__link wp-element-button\" href=\"https:\/\/lisondessources.com\/event\/rencontres-esperances-2025-09-12-2025-09-14-144\/register\">Je r\u00e9serve \u00e0 LISON DES SOURCES<\/a><\/div>\n<\/div>\n","protected":false},"excerpt":{"rendered":"<p>Retrouvez le film, les ateliers et les visio retransmis sur Youtube avec les intervenants dans un cadre f\u00e9erique proche des sources du Lison dans le Jura. R\u00e9servez votre exp\u00e9rience en venant en pr\u00e9sentiel dans le centre spirituel Lison des Sources, proche du TGV MOUCHARD, de Besan\u00e7on, Dijon par l&rsquo;autoroute A 39.<\/p>\n","protected":false},"author":1,"featured_media":0,"parent":0,"menu_order":0,"comment_status":"closed","ping_status":"closed","template":"","meta":{"inline_featured_image":false,"_themeisle_gutenberg_block_has_review":false,"footnotes":""},"class_list":["post-4146","page","type-page","status-publish","hentry"],"_links":{"self":[{"href":"https:\/\/manuelregnier.fr\/index.php\/wp-json\/wp\/v2\/pages\/4146","targetHints":{"allow":["GET"]}}],"collection":[{"href":"https:\/\/manuelregnier.fr\/index.php\/wp-json\/wp\/v2\/pages"}],"about":[{"href":"https:\/\/manuelregnier.fr\/index.php\/wp-json\/wp\/v2\/types\/page"}],"author":[{"embeddable":true,"href":"https:\/\/manuelregnier.fr\/index.php\/wp-json\/wp\/v2\/users\/1"}],"replies":[{"embeddable":true,"href":"https:\/\/manuelregnier.fr\/index.php\/wp-json\/wp\/v2\/comments?post=4146"}],"version-history":[{"count":5,"href":"https:\/\/manuelregnier.fr\/index.php\/wp-json\/wp\/v2\/pages\/4146\/revisions"}],"predecessor-version":[{"id":4196,"href":"https:\/\/manuelregnier.fr\/index.php\/wp-json\/wp\/v2\/pages\/4146\/revisions\/4196"}],"wp:attachment":[{"href":"https:\/\/manuelregnier.fr\/index.php\/wp-json\/wp\/v2\/media?parent=4146"}],"curies":[{"name":"wp","href":"https:\/\/api.w.org\/{rel}","templated":true}]}}