{"id":4150,"date":"2025-07-15T17:18:19","date_gmt":"2025-07-15T15:18:19","guid":{"rendered":"https:\/\/manuelregnier.fr\/?page_id=4150"},"modified":"2025-09-10T19:01:44","modified_gmt":"2025-09-10T17:01:44","slug":"programme-du-week-end-esperance","status":"publish","type":"page","link":"https:\/\/manuelregnier.fr\/index.php\/programme-du-week-end-esperance\/","title":{"rendered":"Programme du Week end Esp\u00e9rance"},"content":{"rendered":"\n<figure class=\"wp-block-image size-large\"><img loading=\"lazy\" decoding=\"async\" width=\"1024\" height=\"576\" src=\"https:\/\/manuelregnier.fr\/wp-content\/uploads\/2025\/06\/Lison-Sandrine-parc-1024x576.jpg\" alt=\"\" class=\"wp-image-3944\" srcset=\"https:\/\/manuelregnier.fr\/wp-content\/uploads\/2025\/06\/Lison-Sandrine-parc-1024x576.jpg 1024w, https:\/\/manuelregnier.fr\/wp-content\/uploads\/2025\/06\/Lison-Sandrine-parc-300x169.jpg 300w, https:\/\/manuelregnier.fr\/wp-content\/uploads\/2025\/06\/Lison-Sandrine-parc-768x432.jpg 768w, https:\/\/manuelregnier.fr\/wp-content\/uploads\/2025\/06\/Lison-Sandrine-parc-1536x864.jpg 1536w, https:\/\/manuelregnier.fr\/wp-content\/uploads\/2025\/06\/Lison-Sandrine-parc-1262x710.jpg 1262w, https:\/\/manuelregnier.fr\/wp-content\/uploads\/2025\/06\/Lison-Sandrine-parc.jpg 1920w\" sizes=\"auto, (max-width: 1024px) 100vw, 1024px\" \/><\/figure>\n\n\n\n<p>Le week end est sur <a href=\"https:\/\/lisondessources.com\/event\/rencontres-esperances-2025-09-12-2025-09-14-144\/register\">r\u00e9servation<\/a>. Seule la projection du film le samedi soir est en entr\u00e9e libre. Des <a href=\"https:\/\/manuelregnier.fr\/index.php\/visio-conferences\/\" data-type=\"page\" data-id=\"4223\">visios <\/a>en direct sur Youtube sont gratuites.<\/p>\n\n\n\n<h2 class=\"wp-block-heading\">Samedi 13 septembre<\/h2>\n\n\n\n<h2 class=\"wp-block-heading\">10H Accueil<\/h2>\n\n\n\n<h3 class=\"wp-block-heading\">11H <a href=\"https:\/\/manuelregnier.fr\/index.php\/employee\/marie-christine-jouffroy-casenove\/\">Marie Christine CASENOVE<\/a><\/h3>\n\n\n\n<blockquote class=\"wp-block-quote is-layout-flow wp-block-quote-is-layout-flow\">\n<p>Vers la source du Lison : D\u00e9couverte en marche des plantes sauvages\u00a0<\/p>\n<\/blockquote>\n\n\n\n<h2 class=\"wp-block-heading\">Ateliers<\/h2>\n\n\n\n<h3 class=\"wp-block-heading\">15H <a href=\"https:\/\/manuelregnier.fr\/index.php\/employee\/daniel-courty\/\" data-type=\"mpa_employee\" data-id=\"4141\">Daniel COURTY<\/a><\/h3>\n\n\n\n<blockquote class=\"wp-block-quote is-layout-flow wp-block-quote-is-layout-flow\">\n<p>Comment \u00eatre pleinement humain aujourd&rsquo;hui ?<\/p>\n\n\n\n<p>Pr\u00e9sentiel et <a href=\"https:\/\/manuelregnier.fr\/index.php\/visio-conferences\/\" data-type=\"page\" data-id=\"4223\">Visio<\/a><\/p>\n<\/blockquote>\n\n\n\n<h2 class=\"wp-block-heading\">20H Projection <\/h2>\n\n\n\n<p>Film <a href=\"https:\/\/manuelregnier.fr\/index.php\/projection\/\" data-type=\"page\" data-id=\"4054\">Esp\u00e9rances<\/a>, en public \u00e0 Nans sous sainte Anne, pr\u00e9sent\u00e9 par <a href=\"https:\/\/manuelregnier.fr\/index.php\/employee\/manuel-regnier\/\" data-type=\"mpa_employee\" data-id=\"3983\">Manuel REGNIER<\/a> et sur <a href=\"https:\/\/manuelregnier.fr\/index.php\/direct-youtube\/\" data-type=\"page\" data-id=\"4033\">Youtube<\/a><\/p>\n\n\n\n<h3 class=\"wp-block-heading\">21H30 Visio conf\u00e9rence <\/h3>\n\n\n\n<p><a href=\"https:\/\/manuelregnier.fr\/index.php\/employee\/michel-maxime-egger\/\" data-type=\"mpa_employee\" data-id=\"4095\">Michel Maxime EGGER<\/a> et <a href=\"https:\/\/manuelregnier.fr\/index.php\/employee\/marie-cenec\/\" data-type=\"mpa_employee\" data-id=\"4098\">Marie CENEC <\/a>et sur <a href=\"https:\/\/manuelregnier.fr\/index.php\/direct-youtube\/\" data-type=\"page\" data-id=\"4033\">Youtube<\/a>, anim\u00e9 par <a href=\"https:\/\/manuelregnier.fr\/index.php\/employee\/etienne-faure\/\" data-type=\"mpa_employee\" data-id=\"4237\">Etienne FAURE<\/a>.<\/p>\n\n\n\n<blockquote class=\"wp-block-quote is-layout-flow wp-block-quote-is-layout-flow\">\n<p>Entre vision et pratique, l&rsquo;esp\u00e9rance comme levier de transformation intime et collective<\/p>\n<\/blockquote>\n\n\n\n<h2 class=\"wp-block-heading\">Dimanche 14 septembre <\/h2>\n\n\n\n<h3 class=\"wp-block-heading\">9H <a href=\"https:\/\/manuelregnier.fr\/index.php\/employee\/eric-clotuche\/\" data-type=\"mpa_employee\" data-id=\"4140\">Eric CLOTUCHE<\/a><\/h3>\n\n\n\n<blockquote class=\"wp-block-quote is-layout-flow wp-block-quote-is-layout-flow\">\n<p>M\u00e9diter pour le coeur. Pr\u00e9sentiel et <a href=\"https:\/\/manuelregnier.fr\/index.php\/visio-conferences\/\" data-type=\"page\" data-id=\"4223\">visio<\/a>.<\/p>\n<\/blockquote>\n\n\n\n<h3 class=\"wp-block-heading\">11H <a href=\"https:\/\/manuelregnier.fr\/index.php\/employee\/aurelie-courty\/\" data-type=\"mpa_employee\" data-id=\"4190\">Aur\u00e9lie COURTY<\/a><\/h3>\n\n\n\n<blockquote class=\"wp-block-quote is-layout-flow wp-block-quote-is-layout-flow\">\n<p>Atelier cuisine Miam-\u00f4-fruit<\/p>\n<\/blockquote>\n\n\n\n<h3 class=\"wp-block-heading\">15H Bilan<\/h3>\n\n\n\n<blockquote class=\"wp-block-quote is-layout-flow wp-block-quote-is-layout-flow\">\n<p>Echange libre en table ronde suivi du bilan <\/p>\n<\/blockquote>\n\n\n\n<div class=\"wp-block-buttons alignwide is-content-justification-center is-layout-flex wp-container-core-buttons-is-layout-16018d1d wp-block-buttons-is-layout-flex\">\n<div class=\"wp-block-button\"><a class=\"wp-block-button__link wp-element-button\" href=\"https:\/\/lisondessources.com\/event\/rencontres-esperances-2025-09-12-2025-09-14-144\/register\">je r\u00e9serve le week end A LISON DES SOURCES<\/a><\/div>\n<\/div>\n\n\n\n<p><\/p>\n","protected":false},"excerpt":{"rendered":"<p>Le week end est sur r\u00e9servation. Seule la projection du film le samedi soir est en entr\u00e9e libre. Des visios en direct sur Youtube sont gratuites. Samedi 13 septembre 10H Accueil 11H Marie Christine CASENOVE Vers la source du Lison : D\u00e9couverte en marche des plantes sauvages\u00a0 Ateliers 15H Daniel COURTY Comment \u00eatre pleinement humain [&hellip;]<\/p>\n","protected":false},"author":1,"featured_media":0,"parent":0,"menu_order":0,"comment_status":"closed","ping_status":"closed","template":"","meta":{"inline_featured_image":false,"_themeisle_gutenberg_block_has_review":false,"footnotes":""},"class_list":["post-4150","page","type-page","status-publish","hentry"],"_links":{"self":[{"href":"https:\/\/manuelregnier.fr\/index.php\/wp-json\/wp\/v2\/pages\/4150","targetHints":{"allow":["GET"]}}],"collection":[{"href":"https:\/\/manuelregnier.fr\/index.php\/wp-json\/wp\/v2\/pages"}],"about":[{"href":"https:\/\/manuelregnier.fr\/index.php\/wp-json\/wp\/v2\/types\/page"}],"author":[{"embeddable":true,"href":"https:\/\/manuelregnier.fr\/index.php\/wp-json\/wp\/v2\/users\/1"}],"replies":[{"embeddable":true,"href":"https:\/\/manuelregnier.fr\/index.php\/wp-json\/wp\/v2\/comments?post=4150"}],"version-history":[{"count":10,"href":"https:\/\/manuelregnier.fr\/index.php\/wp-json\/wp\/v2\/pages\/4150\/revisions"}],"predecessor-version":[{"id":4300,"href":"https:\/\/manuelregnier.fr\/index.php\/wp-json\/wp\/v2\/pages\/4150\/revisions\/4300"}],"wp:attachment":[{"href":"https:\/\/manuelregnier.fr\/index.php\/wp-json\/wp\/v2\/media?parent=4150"}],"curies":[{"name":"wp","href":"https:\/\/api.w.org\/{rel}","templated":true}]}}