{"id":4169,"date":"2025-07-18T17:11:42","date_gmt":"2025-07-18T15:11:42","guid":{"rendered":"https:\/\/manuelregnier.fr\/?page_id=4169"},"modified":"2025-08-22T22:21:17","modified_gmt":"2025-08-22T20:21:17","slug":"resume-du-film-esperances","status":"publish","type":"page","link":"https:\/\/manuelregnier.fr\/index.php\/resume-du-film-esperances\/","title":{"rendered":"Projet Esperances"},"content":{"rendered":"\n<figure class=\"wp-block-image size-large\"><img loading=\"lazy\" decoding=\"async\" width=\"796\" height=\"1024\" src=\"https:\/\/manuelregnier.fr\/wp-content\/uploads\/2025\/08\/Flyer-Esperances-V2_2-796x1024.jpg\" alt=\"\" class=\"wp-image-4266\" srcset=\"https:\/\/manuelregnier.fr\/wp-content\/uploads\/2025\/08\/Flyer-Esperances-V2_2-796x1024.jpg 796w, https:\/\/manuelregnier.fr\/wp-content\/uploads\/2025\/08\/Flyer-Esperances-V2_2-233x300.jpg 233w, https:\/\/manuelregnier.fr\/wp-content\/uploads\/2025\/08\/Flyer-Esperances-V2_2-768x987.jpg 768w, https:\/\/manuelregnier.fr\/wp-content\/uploads\/2025\/08\/Flyer-Esperances-V2_2-1195x1536.jpg 1195w, https:\/\/manuelregnier.fr\/wp-content\/uploads\/2025\/08\/Flyer-Esperances-V2_2-1593x2048.jpg 1593w, https:\/\/manuelregnier.fr\/wp-content\/uploads\/2025\/08\/Flyer-Esperances-V2_2-1262x1623.jpg 1262w, https:\/\/manuelregnier.fr\/wp-content\/uploads\/2025\/08\/Flyer-Esperances-V2_2.jpg 1792w\" sizes=\"auto, (max-width: 796px) 100vw, 796px\" \/><\/figure>\n\n\n\n<div class=\"wp-block-file\"><a id=\"wp-block-file--media-63b80b14-d772-44fe-be66-6dfe9471b861\" href=\"https:\/\/manuelregnier.fr\/wp-content\/uploads\/2025\/08\/Flyer-Esperances-V2_2.jpg\">Flyer-Esp\u00e9rances<\/a><a href=\"https:\/\/manuelregnier.fr\/wp-content\/uploads\/2025\/08\/Flyer-Esperances-V2_2.jpg\" class=\"wp-block-file__button wp-element-button\" download aria-describedby=\"wp-block-file--media-63b80b14-d772-44fe-be66-6dfe9471b861\">T\u00e9l\u00e9charger<\/a><\/div>\n\n\n\n<h1 class=\"wp-block-heading\">Le Week end<\/h1>\n\n\n\n<p>Le week-end des 13 &amp; 14 Septembre 2025 \u00e0 Nans s\/ ste Anne (<a href=\"https:\/\/lisondessources.com\/event\/rencontres-esperances-2025-09-12-2025-09-14-144\/register\">Lison des Sources<\/a>) propose une exp\u00e9rience autour de l&rsquo;esp\u00e9rance avec un film, une conf\u00e9rence avec deux \u00e9co th\u00e9ologiens, des ateliers psychologie et anthropologie, une d\u00e9couverte des plantes sauvages et une pr\u00e9paration bio en cuisine.<\/p>\n\n\n\n<div class=\"wp-block-buttons is-content-justification-center is-layout-flex wp-container-core-buttons-is-layout-16018d1d wp-block-buttons-is-layout-flex\">\n<div class=\"wp-block-button\"><a class=\"wp-block-button__link has-text-align-center wp-element-button\" href=\"https:\/\/manuelregnier.fr\/index.php\/intervenants\/\">Les intervenants<\/a><\/div>\n<\/div>\n\n\n\n<h1 class=\"wp-block-heading\">Pitch du film<\/h1>\n\n\n\n<p>12 t\u00e9moins, chr\u00e9tiens pratiquants ou aux p\u00e9riph\u00e9ries de l&rsquo;Eglise, \u00e9voquent leurs esp\u00e9rances face \u00e0 la crise que nous vivons.<\/p>\n\n\n\n<p>Loin de d\u00e9sesp\u00e9rer, ils envisagent l&rsquo;avenir sereinement, malgr\u00e9 les difficult\u00e9s.<\/p>\n\n\n\n<p>Ils pratiquent d\u00e8s maintenant une vie qui leur donne du sens.<\/p>\n\n\n\n<h1 class=\"wp-block-heading\">Visio conf\u00e9rence<\/h1>\n\n\n\n<p>La crise climatique peut \u00eatre v\u00e9cue de mani\u00e8re positive, dans une transition int\u00e9rieure et \u00e9cologique collective.<\/p>\n\n\n\n<p>Le travail qui relie de Joanna MACY est ainsi transmis par <a href=\"https:\/\/manuelregnier.fr\/index.php\/employee\/michel-maxime-egger\/\" data-type=\"mpa_employee\" data-id=\"4095\">Michel Maxime EGGER<\/a> ou <a href=\"https:\/\/manuelregnier.fr\/index.php\/employee\/marie-cenec\/\" data-type=\"mpa_employee\" data-id=\"4098\">Marie CENEC<\/a> qui interviendront en visio-conf\u00e9rence en direct le samedi soir apr\u00e8s la projection du film ESPERANCES \u00e0 20H.<\/p>\n\n\n\n<p>Les 2 ateliers psychologie et anthropologie ci dessous seront \u00e9galement en visio en direct gratuitement.<\/p>\n\n\n\n<div class=\"wp-block-buttons is-content-justification-center is-layout-flex wp-container-core-buttons-is-layout-16018d1d wp-block-buttons-is-layout-flex\">\n<div class=\"wp-block-button\"><a class=\"wp-block-button__link has-text-align-center wp-element-button\" href=\"https:\/\/manuelregnier.fr\/index.php\/visio-conferences\/\">Visio<\/a><\/div>\n<\/div>\n\n\n\n<h2 class=\"wp-block-heading\">Le film : ESPERANCES EN MARCHE<\/h2>\n\n\n\n<p>Servi par des images de nature du Jura vu de drone, ponctu\u00e9 d&rsquo;interviews en marche, ce film d&rsquo;1H se veut \u00eatre un partage d&rsquo;exp\u00e9rience.<\/p>\n\n\n\n<div class=\"wp-block-buttons is-content-justification-center is-layout-flex wp-container-core-buttons-is-layout-16018d1d wp-block-buttons-is-layout-flex\">\n<div class=\"wp-block-button\"><a class=\"wp-block-button__link has-text-align-center wp-element-button\" href=\"https:\/\/manuelregnier.fr\/index.php\/2025\/08\/01\/extrait-2-debut-du-film-esperances\/\">je d\u00e9couvre un extrait du d\u00e9but du film<\/a><\/div>\n<\/div>\n\n\n\n<div class=\"wp-block-buttons is-content-justification-center is-layout-flex wp-container-core-buttons-is-layout-16018d1d wp-block-buttons-is-layout-flex\">\n<div class=\"wp-block-button\"><a class=\"wp-block-button__link has-text-align-center wp-element-button\" href=\"https:\/\/manuelregnier.fr\/index.php\/2025\/07\/16\/extrait-1-du-film-esperances-le-temps-des-choix\/\">je d\u00e9couvre un extrait sur le temps des choix<\/a><\/div>\n<\/div>\n\n\n\n<p>Il sera projet\u00e9 le samedi 13 septembre 2025 \u00e0 20H pr\u00e9cise \u00e0 Lison des Sources. <\/p>\n\n\n\n<div class=\"wp-block-buttons is-content-justification-center is-layout-flex wp-container-core-buttons-is-layout-16018d1d wp-block-buttons-is-layout-flex\">\n<div class=\"wp-block-button\"><a class=\"wp-block-button__link has-text-align-center wp-element-button\" href=\"https:\/\/manuelregnier.fr\/index.php\/projection\/\">LA projection<\/a><\/div>\n<\/div>\n\n\n\n<h2 class=\"wp-block-heading\">Ateliers<\/h2>\n\n\n\n<p>Les ateliers et visio-conf\u00e9rences du week-end du 13-14 septembre permettront de donner des outils psychologiques, anthropologiques (sens de la vision de l&rsquo;Homme) et de beaut\u00e9 (source du Lison, plantes sauvages, cuisine bio).<\/p>\n\n\n\n<p>Accessibles en pr\u00e9sentiel en r\u00e9servant le week end ou par <a href=\"https:\/\/manuelregnier.fr\/index.php\/visio-conferences\/\" data-type=\"page\" data-id=\"4223\">visio<\/a>.<\/p>\n\n\n\n<div class=\"wp-block-buttons is-content-justification-center is-layout-flex wp-container-core-buttons-is-layout-16018d1d wp-block-buttons-is-layout-flex\">\n<div class=\"wp-block-button\"><a class=\"wp-block-button__link wp-element-button\" href=\"https:\/\/manuelregnier.fr\/index.php\/programme-du-week-end-esperance\/\">je d\u00e9couvre le week end<\/a><\/div>\n<\/div>\n\n\n\n<h2 class=\"wp-block-heading\">Cl\u00e9 USB<\/h2>\n\n\n\n<p>Vous ne pouvez vous rendre \u00e0 Nans sous sainte Anne ?<\/p>\n\n\n\n<p>Une cl\u00e9 Usb de 32 Giga proposera le film Esp\u00e9rances en marche, et les 3 interviews des th\u00e9ologiens, <a href=\"https:\/\/manuelregnier.fr\/index.php\/2025\/07\/16\/extrait-1-du-film-esperances-le-temps-des-choix\/\" data-type=\"post\" data-id=\"4165\">Michel Maxime EGGER, Marie CENEC et Mgr Jean Luc GARIN<\/a>. (3H de vid\u00e9o).<\/p>\n\n\n\n<p>La cl\u00e9 est lisible sur PC ou TV (avec lecteur usb).<\/p>\n\n\n\n<p>Commande au prix de 20 euros (ch\u00e8que \u00e0 l&rsquo;ordre de Manuel REGNIER \u00e0 adresser \u00e0 <a href=\"https:\/\/www.google.it\/maps\/place\/Lison+des+Sources\/@46.9758428,5.997203,17z\/data=!3m1!4b1!4m6!3m5!1s0x478d0d53ca0592f1:0x60b9e3ae460252a2!8m2!3d46.9758428!4d5.997203!16s%2Fg%2F11csqhd8p2?entry=ttu&amp;g_ep=EgoyMDI1MDcxNS4xIKXMDSoASAFQAw%3D%3D\">Lison des Sources<\/a>, 19 Grande Rue, 25330 Nans-sous-Sainte-Anne, frais de port inclus (m\u00e9tropole).<\/p>\n\n\n\n<p>Cl\u00e9 disponible aussi lors du week end pour ceux qui viennent au prix exceptionnel de 15 euros.<\/p>\n\n\n\n<p>Envoi par la poste en lettre suivi \u00e0 partir du 15 septembre 2025, apr\u00e8s r\u00e9ception du ch\u00e8que.<\/p>\n\n\n\n<p><\/p>\n\n\n\n<div class=\"wp-block-buttons is-content-justification-center is-layout-flex wp-container-core-buttons-is-layout-16018d1d wp-block-buttons-is-layout-flex\"><\/div>\n\n\n\n<figure class=\"wp-block-image size-full\"><img loading=\"lazy\" decoding=\"async\" width=\"800\" height=\"800\" src=\"https:\/\/manuelregnier.fr\/wp-content\/uploads\/2025\/07\/cle-USB-Esperances.jpg\" alt=\"\" class=\"wp-image-4171\" srcset=\"https:\/\/manuelregnier.fr\/wp-content\/uploads\/2025\/07\/cle-USB-Esperances.jpg 800w, https:\/\/manuelregnier.fr\/wp-content\/uploads\/2025\/07\/cle-USB-Esperances-300x300.jpg 300w, https:\/\/manuelregnier.fr\/wp-content\/uploads\/2025\/07\/cle-USB-Esperances-150x150.jpg 150w, https:\/\/manuelregnier.fr\/wp-content\/uploads\/2025\/07\/cle-USB-Esperances-768x768.jpg 768w\" sizes=\"auto, (max-width: 800px) 100vw, 800px\" \/><\/figure>\n","protected":false},"excerpt":{"rendered":"<p>Le Week end Le week-end des 13 &amp; 14 Septembre 2025 \u00e0 Nans s\/ ste Anne (Lison des Sources) propose une exp\u00e9rience autour de l&rsquo;esp\u00e9rance avec un film, une conf\u00e9rence avec deux \u00e9co th\u00e9ologiens, des ateliers psychologie et anthropologie, une d\u00e9couverte des plantes sauvages et une pr\u00e9paration bio en cuisine. Pitch du film 12 t\u00e9moins, [&hellip;]<\/p>\n","protected":false},"author":1,"featured_media":0,"parent":0,"menu_order":0,"comment_status":"closed","ping_status":"closed","template":"","meta":{"inline_featured_image":false,"_themeisle_gutenberg_block_has_review":false,"footnotes":""},"class_list":["post-4169","page","type-page","status-publish","hentry"],"_links":{"self":[{"href":"https:\/\/manuelregnier.fr\/index.php\/wp-json\/wp\/v2\/pages\/4169","targetHints":{"allow":["GET"]}}],"collection":[{"href":"https:\/\/manuelregnier.fr\/index.php\/wp-json\/wp\/v2\/pages"}],"about":[{"href":"https:\/\/manuelregnier.fr\/index.php\/wp-json\/wp\/v2\/types\/page"}],"author":[{"embeddable":true,"href":"https:\/\/manuelregnier.fr\/index.php\/wp-json\/wp\/v2\/users\/1"}],"replies":[{"embeddable":true,"href":"https:\/\/manuelregnier.fr\/index.php\/wp-json\/wp\/v2\/comments?post=4169"}],"version-history":[{"count":11,"href":"https:\/\/manuelregnier.fr\/index.php\/wp-json\/wp\/v2\/pages\/4169\/revisions"}],"predecessor-version":[{"id":4284,"href":"https:\/\/manuelregnier.fr\/index.php\/wp-json\/wp\/v2\/pages\/4169\/revisions\/4284"}],"wp:attachment":[{"href":"https:\/\/manuelregnier.fr\/index.php\/wp-json\/wp\/v2\/media?parent=4169"}],"curies":[{"name":"wp","href":"https:\/\/api.w.org\/{rel}","templated":true}]}}