{"id":4223,"date":"2025-08-08T16:20:10","date_gmt":"2025-08-08T14:20:10","guid":{"rendered":"https:\/\/manuelregnier.fr\/?page_id=4223"},"modified":"2025-08-08T17:50:10","modified_gmt":"2025-08-08T15:50:10","slug":"visio-conferences","status":"publish","type":"page","link":"https:\/\/manuelregnier.fr\/index.php\/visio-conferences\/","title":{"rendered":"Visio conf\u00e9rences"},"content":{"rendered":"\n<p>Trois visio-conf\u00e9rences seront propos\u00e9es gratuitement sur YouTube en direct. Il suffira de cliquer sur l&rsquo;image vid\u00e9o quelques temps avant l&rsquo;heure pr\u00e9cise.<\/p>\n\n\n\n<h2 class=\"wp-block-heading\">Samedi 13 Septembre 2025 \u00e0 15H<\/h2>\n\n\n\n<p>Atelier en pr\u00e9sentiel et visio de <a href=\"https:\/\/manuelregnier.fr\/index.php\/employee\/daniel-courty\/\" data-type=\"mpa_employee\" data-id=\"4141\">Daniel COURTY<\/a><\/p>\n\n\n\n<blockquote class=\"wp-block-quote is-layout-flow wp-block-quote-is-layout-flow\">\n<p>Comment \u00eatre pleinement humain aujourd&rsquo;hui ?<\/p>\n<\/blockquote>\n\n\n\n<figure class=\"wp-block-embed is-type-video is-provider-youtube wp-block-embed-youtube wp-embed-aspect-16-9 wp-has-aspect-ratio\"><div class=\"wp-block-embed__wrapper\">\n<iframe loading=\"lazy\" title=\"Atelier de Daniel COURTY : Comment \u00eatre pleinement humain aujourd\u2019hui ?\" width=\"1703\" height=\"958\" src=\"https:\/\/www.youtube.com\/embed\/n7zpAK-FLwA?feature=oembed\" frameborder=\"0\" allow=\"accelerometer; autoplay; clipboard-write; encrypted-media; gyroscope; picture-in-picture; web-share\" referrerpolicy=\"strict-origin-when-cross-origin\" allowfullscreen><\/iframe>\n<\/div><\/figure>\n\n\n\n<h2 class=\"wp-block-heading\">Samedi 13 Septembre 2025 \u00e0 20H<\/h2>\n\n\n\n<p><a href=\"https:\/\/manuelregnier.fr\/index.php\/resume-du-film-esperances\/\" data-type=\"page\" data-id=\"4169\">Film ESPERANCES EN MARCHE<\/a> suivi d&rsquo;une visio-conf\u00e9rence de <a href=\"https:\/\/manuelregnier.fr\/index.php\/employee\/michel-maxime-egger\/\" data-type=\"mpa_employee\" data-id=\"4095\">Michel Maxime EGGER<\/a> et <a href=\"https:\/\/manuelregnier.fr\/index.php\/employee\/marie-cenec\/\" data-type=\"mpa_employee\" data-id=\"4098\">Marie CENEC<\/a>, anim\u00e9 par <a href=\"https:\/\/manuelregnier.fr\/index.php\/employee\/etienne-faure\/\" data-type=\"mpa_employee\" data-id=\"4237\">Etienne FAURE<\/a>.<\/p>\n\n\n\n<blockquote class=\"wp-block-quote is-layout-flow wp-block-quote-is-layout-flow\">\n<p>Entre vision et pratique, l\u2019esp\u00e9rance comme levier de transformation intime et collective<\/p>\n<\/blockquote>\n\n\n\n<figure class=\"wp-block-embed is-type-video is-provider-youtube wp-block-embed-youtube wp-embed-aspect-16-9 wp-has-aspect-ratio\"><div class=\"wp-block-embed__wrapper\">\n<iframe loading=\"lazy\" title=\"Film Esp\u00e9rances suivi d&#039;un \u00e9change\" width=\"1703\" height=\"958\" src=\"https:\/\/www.youtube.com\/embed\/lHge9GaojF4?feature=oembed\" frameborder=\"0\" allow=\"accelerometer; autoplay; clipboard-write; encrypted-media; gyroscope; picture-in-picture; web-share\" referrerpolicy=\"strict-origin-when-cross-origin\" allowfullscreen><\/iframe>\n<\/div><\/figure>\n\n\n\n<h2 class=\"wp-block-heading\">Dimanche 14 Septembre \u00e0 9H (matin)<\/h2>\n\n\n\n<p>Atelier en pr\u00e9sentiel et visio : <a href=\"https:\/\/manuelregnier.fr\/index.php\/employee\/eric-clotuche\/\" data-type=\"mpa_employee\" data-id=\"4140\">Eric CLOTUCHE<\/a><\/p>\n\n\n\n<blockquote class=\"wp-block-quote is-layout-flow wp-block-quote-is-layout-flow\">\n<p>M\u00e9diter pour le coeur.<\/p>\n<\/blockquote>\n\n\n\n<figure class=\"wp-block-embed is-type-video is-provider-youtube wp-block-embed-youtube wp-embed-aspect-16-9 wp-has-aspect-ratio\"><div class=\"wp-block-embed__wrapper\">\n<iframe loading=\"lazy\" title=\"Atelier d&#039;Eric CLOTUCHE : M\u00e9diter pour le c\u0153ur\" width=\"1703\" height=\"958\" src=\"https:\/\/www.youtube.com\/embed\/q6_Lsia4_Es?feature=oembed\" frameborder=\"0\" allow=\"accelerometer; autoplay; clipboard-write; encrypted-media; gyroscope; picture-in-picture; web-share\" referrerpolicy=\"strict-origin-when-cross-origin\" allowfullscreen><\/iframe>\n<\/div><\/figure>\n\n\n\n<p><\/p>\n","protected":false},"excerpt":{"rendered":"<p>Trois visio-conf\u00e9rences seront propos\u00e9es gratuitement sur YouTube en direct. Il suffira de cliquer sur l&rsquo;image vid\u00e9o quelques temps avant l&rsquo;heure pr\u00e9cise. Samedi 13 Septembre 2025 \u00e0 15H Atelier en pr\u00e9sentiel et visio de Daniel COURTY Comment \u00eatre pleinement humain aujourd&rsquo;hui ? Samedi 13 Septembre 2025 \u00e0 20H Film ESPERANCES EN MARCHE suivi d&rsquo;une visio-conf\u00e9rence de [&hellip;]<\/p>\n","protected":false},"author":1,"featured_media":0,"parent":0,"menu_order":0,"comment_status":"closed","ping_status":"closed","template":"","meta":{"inline_featured_image":false,"_themeisle_gutenberg_block_has_review":false,"footnotes":""},"class_list":["post-4223","page","type-page","status-publish","hentry"],"_links":{"self":[{"href":"https:\/\/manuelregnier.fr\/index.php\/wp-json\/wp\/v2\/pages\/4223","targetHints":{"allow":["GET"]}}],"collection":[{"href":"https:\/\/manuelregnier.fr\/index.php\/wp-json\/wp\/v2\/pages"}],"about":[{"href":"https:\/\/manuelregnier.fr\/index.php\/wp-json\/wp\/v2\/types\/page"}],"author":[{"embeddable":true,"href":"https:\/\/manuelregnier.fr\/index.php\/wp-json\/wp\/v2\/users\/1"}],"replies":[{"embeddable":true,"href":"https:\/\/manuelregnier.fr\/index.php\/wp-json\/wp\/v2\/comments?post=4223"}],"version-history":[{"count":7,"href":"https:\/\/manuelregnier.fr\/index.php\/wp-json\/wp\/v2\/pages\/4223\/revisions"}],"predecessor-version":[{"id":4253,"href":"https:\/\/manuelregnier.fr\/index.php\/wp-json\/wp\/v2\/pages\/4223\/revisions\/4253"}],"wp:attachment":[{"href":"https:\/\/manuelregnier.fr\/index.php\/wp-json\/wp\/v2\/media?parent=4223"}],"curies":[{"name":"wp","href":"https:\/\/api.w.org\/{rel}","templated":true}]}}